{"id":2699,"date":"2025-08-11T10:48:45","date_gmt":"2025-08-11T08:48:45","guid":{"rendered":"https:\/\/meta-fin.eu\/?page_id=2699"},"modified":"2025-08-11T14:25:51","modified_gmt":"2025-08-11T12:25:51","slug":"events","status":"publish","type":"page","link":"https:\/\/meta-fin.eu\/en\/events\/","title":{"rendered":"Events"},"content":{"rendered":"<ul style=\"padding-right:1%;padding-left:1%;\" class=\"wp-block-latest-posts__list is-grid columns-3 has-dates has-link-color aligncenter blocked wp-elements-176b71bdd3c0b1e732e0d435632fb746 wp-block-latest-posts has-text-color has-custom-2-color\"><li><div class=\"wp-block-latest-posts__featured-image aligncenter\"><a href=\"https:\/\/meta-fin.eu\/en\/2025\/08\/11\/brownbag-seminar-serie\/\" aria-label=\"Brownbag Seminar Series\"><img loading=\"lazy\" decoding=\"async\" width=\"608\" height=\"304\" src=\"https:\/\/meta-fin.eu\/wp-content\/uploads\/2025\/08\/vorschau-brownbag-serie.png\" class=\"attachment-large size-large wp-post-image\" alt=\"\" style=\"\" srcset=\"https:\/\/meta-fin.eu\/wp-content\/uploads\/2025\/08\/vorschau-brownbag-serie.png 608w, https:\/\/meta-fin.eu\/wp-content\/uploads\/2025\/08\/vorschau-brownbag-serie-300x150.png 300w, https:\/\/meta-fin.eu\/wp-content\/uploads\/2025\/08\/vorschau-brownbag-serie-18x9.png 18w, https:\/\/meta-fin.eu\/wp-content\/uploads\/2025\/08\/vorschau-brownbag-serie-500x250.png 500w\" sizes=\"auto, (max-width: 608px) 100vw, 608px\" \/><\/a><\/div><a class=\"wp-block-latest-posts__post-title\" href=\"https:\/\/meta-fin.eu\/en\/2025\/08\/11\/brownbag-seminar-serie\/\">Brownbag Seminar Series<\/a><time datetime=\"2025-08-11T11:25:59+02:00\" class=\"wp-block-latest-posts__post-date\">11. August 2025<\/time><div class=\"wp-block-latest-posts__post-excerpt\">Das MetaFin Brownbag Seminar f\u00f6rdert den regelm\u00e4\u00dfig einen Austausch zwischen den Forschenden der gef\u00f6rderten Projekte und erm\u00f6glicht es, Feedback aus der internen Community zu erhalten. Es k\u00f6nnen m\u00f6gliche Kooperationen zwischen Projekten ausgelotet werden. Im Rahmen des Seminars k\u00f6nnen sowohl Projektkonzeptionen&hellip;&nbsp;<a href=\"https:\/\/meta-fin.eu\/en\/2025\/08\/11\/brownbag-seminar-serie\/\" rel=\"bookmark\">Read More &raquo;<span class=\"screen-reader-text\">Brownbag Seminar Series<\/span><\/a><\/div><\/li>\n<li><div class=\"wp-block-latest-posts__featured-image aligncenter\"><a href=\"https:\/\/meta-fin.eu\/en\/2025\/05\/26\/metafin-fachtagung-2025\/\" aria-label=\"MetaFin Fachtagung 2025\"><img loading=\"lazy\" decoding=\"async\" width=\"1024\" height=\"511\" src=\"https:\/\/meta-fin.eu\/wp-content\/uploads\/2025\/05\/Fachtagung2025-1-1024x511.png\" class=\"attachment-large size-large wp-post-image\" alt=\"\" style=\"\" srcset=\"https:\/\/meta-fin.eu\/wp-content\/uploads\/2025\/05\/Fachtagung2025-1-1024x511.png 1024w, https:\/\/meta-fin.eu\/wp-content\/uploads\/2025\/05\/Fachtagung2025-1-300x150.png 300w, https:\/\/meta-fin.eu\/wp-content\/uploads\/2025\/05\/Fachtagung2025-1-768x383.png 768w, https:\/\/meta-fin.eu\/wp-content\/uploads\/2025\/05\/Fachtagung2025-1-18x9.png 18w, https:\/\/meta-fin.eu\/wp-content\/uploads\/2025\/05\/Fachtagung2025-1-500x250.png 500w, https:\/\/meta-fin.eu\/wp-content\/uploads\/2025\/05\/Fachtagung2025-1-800x399.png 800w, https:\/\/meta-fin.eu\/wp-content\/uploads\/2025\/05\/Fachtagung2025-1-1280x639.png 1280w, https:\/\/meta-fin.eu\/wp-content\/uploads\/2025\/05\/Fachtagung2025-1.png 1336w\" sizes=\"auto, (max-width: 1024px) 100vw, 1024px\" \/><\/a><\/div><a class=\"wp-block-latest-posts__post-title\" href=\"https:\/\/meta-fin.eu\/en\/2025\/05\/26\/metafin-fachtagung-2025\/\">MetaFin Fachtagung 2025<\/a><time datetime=\"2025-05-26T16:00:01+02:00\" class=\"wp-block-latest-posts__post-date\">26. May 2025<\/time><div class=\"wp-block-latest-posts__post-excerpt\">Fachtagung Metavorhaben &#8222;Finanzielle Bildung&#8220; 2025: Finanzbildungsforschung im Fokus Unter dem Motto \u201eFinanzbildungsforschung im Fokus\u201c l\u00e4dt das Metavorhaben Finanzielle Bildung (MetaFin) am 02. und 03. Juni 2025 zur Fachtagung ins Schloss der Universit\u00e4t Mannheim ein. Die Auftaktveranstaltung richtet sich an die&hellip;&nbsp;<a href=\"https:\/\/meta-fin.eu\/en\/2025\/05\/26\/metafin-fachtagung-2025\/\" rel=\"bookmark\">Read More &raquo;<span class=\"screen-reader-text\">MetaFin Fachtagung 2025<\/span><\/a><\/div><\/li>\n<li><div class=\"wp-block-latest-posts__featured-image aligncenter\"><a href=\"https:\/\/meta-fin.eu\/en\/2024\/11\/27\/post-2\/\" aria-label=\"Educational Research Conference 2025\"><img loading=\"lazy\" decoding=\"async\" width=\"1024\" height=\"512\" src=\"https:\/\/meta-fin.eu\/wp-content\/uploads\/2024\/11\/MetaFin-Beitragsbilder-60-x-30-cm-4-1024x512.png\" class=\"attachment-large size-large wp-post-image\" alt=\"\" style=\"\" srcset=\"https:\/\/meta-fin.eu\/wp-content\/uploads\/2024\/11\/MetaFin-Beitragsbilder-60-x-30-cm-4-1024x512.png 1024w, https:\/\/meta-fin.eu\/wp-content\/uploads\/2024\/11\/MetaFin-Beitragsbilder-60-x-30-cm-4-300x150.png 300w, https:\/\/meta-fin.eu\/wp-content\/uploads\/2024\/11\/MetaFin-Beitragsbilder-60-x-30-cm-4-768x384.png 768w, https:\/\/meta-fin.eu\/wp-content\/uploads\/2024\/11\/MetaFin-Beitragsbilder-60-x-30-cm-4-1536x768.png 1536w, https:\/\/meta-fin.eu\/wp-content\/uploads\/2024\/11\/MetaFin-Beitragsbilder-60-x-30-cm-4-2048x1024.png 2048w, https:\/\/meta-fin.eu\/wp-content\/uploads\/2024\/11\/MetaFin-Beitragsbilder-60-x-30-cm-4-18x9.png 18w, https:\/\/meta-fin.eu\/wp-content\/uploads\/2024\/11\/MetaFin-Beitragsbilder-60-x-30-cm-4-500x250.png 500w, https:\/\/meta-fin.eu\/wp-content\/uploads\/2024\/11\/MetaFin-Beitragsbilder-60-x-30-cm-4-800x400.png 800w, https:\/\/meta-fin.eu\/wp-content\/uploads\/2024\/11\/MetaFin-Beitragsbilder-60-x-30-cm-4-1280x640.png 1280w, https:\/\/meta-fin.eu\/wp-content\/uploads\/2024\/11\/MetaFin-Beitragsbilder-60-x-30-cm-4-1920x960.png 1920w\" sizes=\"auto, (max-width: 1024px) 100vw, 1024px\" \/><\/a><\/div><a class=\"wp-block-latest-posts__post-title\" href=\"https:\/\/meta-fin.eu\/en\/2024\/11\/27\/post-2\/\">Educational Research Conference 2025<\/a><time datetime=\"2024-11-27T15:37:03+01:00\" class=\"wp-block-latest-posts__post-date\">27. November 2024<\/time><div class=\"wp-block-latest-posts__post-excerpt\">Bildungsforschungstagung 2025: Gemeinsam f\u00fcr bessere Bildung in allen Lebensphasen Unter dem Motto \u201eGemeinsam f\u00fcr mehr Wirkung\u201c l\u00e4dt das Bundesministerium f\u00fcr Bildung und Forschung (BMBF) am 25. und 26. M\u00e4rz 2025 zur Bildungsforschungstagung ins World Conference Center Bonn (WCCB) ein. Die&hellip;&nbsp;<a href=\"https:\/\/meta-fin.eu\/en\/2024\/11\/27\/post-2\/\" rel=\"bookmark\">Read More &raquo;<span class=\"screen-reader-text\">Educational Research Conference 2025<\/span><\/a><\/div><\/li>\n<\/ul>","protected":false},"excerpt":{"rendered":"","protected":false},"author":1,"featured_media":846,"parent":0,"menu_order":0,"comment_status":"closed","ping_status":"closed","template":"","meta":{"neve_meta_sidebar":"","neve_meta_container":"","neve_meta_enable_content_width":"","neve_meta_content_width":0,"neve_meta_title_alignment":"","neve_meta_author_avatar":"","neve_post_elements_order":"","neve_meta_disable_header":"","neve_meta_disable_footer":"","neve_meta_disable_title":"","_themeisle_gutenberg_block_has_review":false,"_vp_format_video_url":"","_vp_image_focal_point":[],"footnotes":""},"class_list":["post-2699","page","type-page","status-publish","has-post-thumbnail","hentry"],"_links":{"self":[{"href":"https:\/\/meta-fin.eu\/en\/wp-json\/wp\/v2\/pages\/2699","targetHints":{"allow":["GET"]}}],"collection":[{"href":"https:\/\/meta-fin.eu\/en\/wp-json\/wp\/v2\/pages"}],"about":[{"href":"https:\/\/meta-fin.eu\/en\/wp-json\/wp\/v2\/types\/page"}],"author":[{"embeddable":true,"href":"https:\/\/meta-fin.eu\/en\/wp-json\/wp\/v2\/users\/1"}],"replies":[{"embeddable":true,"href":"https:\/\/meta-fin.eu\/en\/wp-json\/wp\/v2\/comments?post=2699"}],"version-history":[{"count":3,"href":"https:\/\/meta-fin.eu\/en\/wp-json\/wp\/v2\/pages\/2699\/revisions"}],"predecessor-version":[{"id":2733,"href":"https:\/\/meta-fin.eu\/en\/wp-json\/wp\/v2\/pages\/2699\/revisions\/2733"}],"wp:featuredmedia":[{"embeddable":true,"href":"https:\/\/meta-fin.eu\/en\/wp-json\/wp\/v2\/media\/846"}],"wp:attachment":[{"href":"https:\/\/meta-fin.eu\/en\/wp-json\/wp\/v2\/media?parent=2699"}],"curies":[{"name":"wp","href":"https:\/\/api.w.org\/{rel}","templated":true}]}}