{"id":31,"date":"2021-02-12T11:48:59","date_gmt":"2021-02-12T11:48:59","guid":{"rendered":"https:\/\/demosites.io\/neve-3\/?page_id=31"},"modified":"2026-02-13T10:25:00","modified_gmt":"2026-02-13T09:25:00","slug":"aktuelles","status":"publish","type":"page","link":"https:\/\/meta-fin.eu\/en\/aktuelles\/","title":{"rendered":"News"},"content":{"rendered":"<div style=\"height:2em\" aria-hidden=\"true\" class=\"wp-block-spacer\"><\/div>\n\n\n\n<h1 class=\"wp-block-heading has-text-align-center has-custom-2-color has-text-color has-link-color wp-elements-cfe6c5f172e7c31815c5d8be44a1336b\">News<\/h1>\n\n\n\n<div class=\"wp-block-columns alignwide is-layout-flex wp-container-core-columns-is-layout-9d6595d7 wp-block-columns-is-layout-flex\">\n<div class=\"wp-block-column is-layout-flow wp-block-column-is-layout-flow\" style=\"flex-basis:100%\"><ul style=\"padding-right:1%;padding-left:1%;\" class=\"wp-block-latest-posts__list is-grid columns-3 has-dates has-link-color aligncenter blocked wp-elements-47badfd0187c0f60d4b53d5de22f10c4 wp-block-latest-posts has-text-color has-custom-2-color\"><li><div class=\"wp-block-latest-posts__featured-image aligncenter\"><a href=\"https:\/\/meta-fin.eu\/en\/2026\/04\/01\/forum-fuer-finanzielle-und-oekonomische-bildung-ist-erschienen\/\" aria-label=\"Forum f\u00fcr finanzielle und \u00f6konomische Bildung ist erschienen!\"><img loading=\"lazy\" decoding=\"async\" width=\"1024\" height=\"504\" src=\"https:\/\/meta-fin.eu\/wp-content\/uploads\/2026\/04\/Screenshot-_Werbebanner-1024x504.jpg\" class=\"attachment-large size-large wp-post-image\" alt=\"\" style=\"\" srcset=\"https:\/\/meta-fin.eu\/wp-content\/uploads\/2026\/04\/Screenshot-_Werbebanner-1024x504.jpg 1024w, https:\/\/meta-fin.eu\/wp-content\/uploads\/2026\/04\/Screenshot-_Werbebanner-300x148.jpg 300w, https:\/\/meta-fin.eu\/wp-content\/uploads\/2026\/04\/Screenshot-_Werbebanner-768x378.jpg 768w, https:\/\/meta-fin.eu\/wp-content\/uploads\/2026\/04\/Screenshot-_Werbebanner-1536x756.jpg 1536w, https:\/\/meta-fin.eu\/wp-content\/uploads\/2026\/04\/Screenshot-_Werbebanner-18x9.jpg 18w, https:\/\/meta-fin.eu\/wp-content\/uploads\/2026\/04\/Screenshot-_Werbebanner-500x246.jpg 500w, https:\/\/meta-fin.eu\/wp-content\/uploads\/2026\/04\/Screenshot-_Werbebanner-800x394.jpg 800w, https:\/\/meta-fin.eu\/wp-content\/uploads\/2026\/04\/Screenshot-_Werbebanner-1280x630.jpg 1280w, https:\/\/meta-fin.eu\/wp-content\/uploads\/2026\/04\/Screenshot-_Werbebanner.jpg 1864w\" sizes=\"auto, (max-width: 1024px) 100vw, 1024px\" \/><\/a><\/div><a class=\"wp-block-latest-posts__post-title\" href=\"https:\/\/meta-fin.eu\/en\/2026\/04\/01\/forum-fuer-finanzielle-und-oekonomische-bildung-ist-erschienen\/\">Forum f\u00fcr finanzielle und \u00f6konomische Bildung ist erschienen!<\/a><time datetime=\"2026-04-01T11:47:47+02:00\" class=\"wp-block-latest-posts__post-date\">1. April 2026<\/time><div class=\"wp-block-latest-posts__post-excerpt\">Forum f\u00fcr finanzielle und \u00f6konomische Bildung ist erschienen! Mit der ersten Ausgabe des Forums f\u00fcr finanzielle und \u00f6konomische Bildung startet eine neue Zeitschrift f\u00fcr anwendungsorientierte Forschung und wissenschaftlich fundierten Wissenstransfer im Bereich der finanziellen und \u00f6konomischen Bildung.&nbsp; Das Forum entsteht&hellip;&nbsp;<a href=\"https:\/\/meta-fin.eu\/en\/2026\/04\/01\/forum-fuer-finanzielle-und-oekonomische-bildung-ist-erschienen\/\" rel=\"bookmark\">Read More &raquo;<span class=\"screen-reader-text\">Forum f\u00fcr finanzielle und \u00f6konomische Bildung ist erschienen!<\/span><\/a><\/div><\/li>\n<li><div class=\"wp-block-latest-posts__featured-image aligncenter\"><a href=\"https:\/\/meta-fin.eu\/en\/2026\/03\/31\/2969\/\" aria-label=\"Redaktionstreffen des Forum f\u00fcr finanzielle und \u00f6konomische Bildung\"><img loading=\"lazy\" decoding=\"async\" width=\"1024\" height=\"608\" src=\"https:\/\/meta-fin.eu\/wp-content\/uploads\/2026\/03\/Redaktionstreffen-scaled-e1774957455616-1024x608.jpg\" class=\"attachment-large size-large wp-post-image\" alt=\"\" style=\"\" srcset=\"https:\/\/meta-fin.eu\/wp-content\/uploads\/2026\/03\/Redaktionstreffen-scaled-e1774957455616-1024x608.jpg 1024w, https:\/\/meta-fin.eu\/wp-content\/uploads\/2026\/03\/Redaktionstreffen-scaled-e1774957455616-300x178.jpg 300w, https:\/\/meta-fin.eu\/wp-content\/uploads\/2026\/03\/Redaktionstreffen-scaled-e1774957455616-768x456.jpg 768w, https:\/\/meta-fin.eu\/wp-content\/uploads\/2026\/03\/Redaktionstreffen-scaled-e1774957455616-1536x912.jpg 1536w, https:\/\/meta-fin.eu\/wp-content\/uploads\/2026\/03\/Redaktionstreffen-scaled-e1774957455616-18x12.jpg 18w, https:\/\/meta-fin.eu\/wp-content\/uploads\/2026\/03\/Redaktionstreffen-scaled-e1774957455616-500x297.jpg 500w, https:\/\/meta-fin.eu\/wp-content\/uploads\/2026\/03\/Redaktionstreffen-scaled-e1774957455616-800x475.jpg 800w, https:\/\/meta-fin.eu\/wp-content\/uploads\/2026\/03\/Redaktionstreffen-scaled-e1774957455616-1280x760.jpg 1280w, https:\/\/meta-fin.eu\/wp-content\/uploads\/2026\/03\/Redaktionstreffen-scaled-e1774957455616.jpg 1920w\" sizes=\"auto, (max-width: 1024px) 100vw, 1024px\" \/><\/a><\/div><a class=\"wp-block-latest-posts__post-title\" href=\"https:\/\/meta-fin.eu\/en\/2026\/03\/31\/2969\/\">Redaktionstreffen des Forum f\u00fcr finanzielle und \u00f6konomische Bildung<\/a><time datetime=\"2026-03-31T13:40:24+02:00\" class=\"wp-block-latest-posts__post-date\">31. March 2026<\/time><div class=\"wp-block-latest-posts__post-excerpt\">Redaktionstreffen des Forum f\u00fcr finanzielle und \u00f6konomische Bildung Im Institut f\u00fcr \u00f6konomische Bildung Oldenburg fand am 23.03.2026 das Redaktionstreffen des Forums f\u00fcr finanzielle und \u00f6konomische Bildung statt. Gemeinsam mit Dr. Tessa Debus, Anna Blum und Antonia Wind vom Wochenschau Verlag,&hellip;&nbsp;<a href=\"https:\/\/meta-fin.eu\/en\/2026\/03\/31\/2969\/\" rel=\"bookmark\">Read More &raquo;<span class=\"screen-reader-text\">Redaktionstreffen des Forum f\u00fcr finanzielle und \u00f6konomische Bildung<\/span><\/a><\/div><\/li>\n<li><div class=\"wp-block-latest-posts__featured-image aligncenter\"><a href=\"https:\/\/meta-fin.eu\/en\/2025\/10\/30\/podcast-mit-prof-dr-dirk-loerwald-warum-ist-finanzielle-bildung-so-wichtig\/\" aria-label=\"Podcast with Prof. Dr Dirk Loerwald: \u2018Why is financial education so important?\u2019\"><img loading=\"lazy\" decoding=\"async\" width=\"455\" height=\"271\" src=\"https:\/\/meta-fin.eu\/wp-content\/uploads\/2025\/10\/Loerwald-e1774957502149.jpg\" class=\"attachment-large size-large wp-post-image\" alt=\"\" style=\"\" srcset=\"https:\/\/meta-fin.eu\/wp-content\/uploads\/2025\/10\/Loerwald-e1774957502149.jpg 455w, https:\/\/meta-fin.eu\/wp-content\/uploads\/2025\/10\/Loerwald-e1774957502149-300x179.jpg 300w, https:\/\/meta-fin.eu\/wp-content\/uploads\/2025\/10\/Loerwald-e1774957502149-18x12.jpg 18w\" sizes=\"auto, (max-width: 455px) 100vw, 455px\" \/><\/a><\/div><a class=\"wp-block-latest-posts__post-title\" href=\"https:\/\/meta-fin.eu\/en\/2025\/10\/30\/podcast-mit-prof-dr-dirk-loerwald-warum-ist-finanzielle-bildung-so-wichtig\/\">Podcast with Prof. Dr Dirk Loerwald: \u2018Why is financial education so important?\u2019<\/a><time datetime=\"2025-10-30T08:52:27+01:00\" class=\"wp-block-latest-posts__post-date\">30. October 2025<\/time><div class=\"wp-block-latest-posts__post-excerpt\">Podcast mit Prof. Dr. Dirk Loerwald: \u201eWarum ist finanzielle Bildung so wichtig?\u201c Finanzielle Bildung erm\u00f6glicht es, eigenst\u00e4ndig und reflektiert \u00fcber \u00f6konomische Fragen des Alltags zu entscheiden \u2013 von der Vorsorge \u00fcber den m\u00fcndigen Umgang mit Geld bis zur Einsch\u00e4tzung wirtschaftlicher&hellip;&nbsp;<a href=\"https:\/\/meta-fin.eu\/en\/2025\/10\/30\/podcast-mit-prof-dr-dirk-loerwald-warum-ist-finanzielle-bildung-so-wichtig\/\" rel=\"bookmark\">Read More &raquo;<span class=\"screen-reader-text\">Podcast with Prof. Dr Dirk Loerwald: \u2018Why is financial education so important?\u2019<\/span><\/a><\/div><\/li>\n<li><div class=\"wp-block-latest-posts__featured-image aligncenter\"><a href=\"https:\/\/meta-fin.eu\/en\/2025\/10\/27\/erfolgreicher-nachwuchsworkshop-zur-finanzbildung-am-zew-mannheim\/\" aria-label=\"Successful workshop for young researchers on financial education research at ZEW Mannheim\"><img loading=\"lazy\" decoding=\"async\" width=\"500\" height=\"304\" src=\"https:\/\/meta-fin.eu\/wp-content\/uploads\/2025\/10\/X251017_Gruppenfoto_MetaFin_Nachwuchsworks-Klein-500x304-1.jpg\" class=\"attachment-large size-large wp-post-image\" alt=\"\" style=\"\" srcset=\"https:\/\/meta-fin.eu\/wp-content\/uploads\/2025\/10\/X251017_Gruppenfoto_MetaFin_Nachwuchsworks-Klein-500x304-1.jpg 500w, https:\/\/meta-fin.eu\/wp-content\/uploads\/2025\/10\/X251017_Gruppenfoto_MetaFin_Nachwuchsworks-Klein-500x304-1-300x182.jpg 300w, https:\/\/meta-fin.eu\/wp-content\/uploads\/2025\/10\/X251017_Gruppenfoto_MetaFin_Nachwuchsworks-Klein-500x304-1-18x12.jpg 18w\" sizes=\"auto, (max-width: 500px) 100vw, 500px\" \/><\/a><\/div><a class=\"wp-block-latest-posts__post-title\" href=\"https:\/\/meta-fin.eu\/en\/2025\/10\/27\/erfolgreicher-nachwuchsworkshop-zur-finanzbildung-am-zew-mannheim\/\">Successful workshop for young researchers on financial education research at ZEW Mannheim<\/a><time datetime=\"2025-10-27T09:28:44+01:00\" class=\"wp-block-latest-posts__post-date\">27. October 2025<\/time><div class=\"wp-block-latest-posts__post-excerpt\">Erfolgreicher Nachwuchsworkshop zur Finanzbildungsforschung am ZEW Mannheim Am 16. und 17. Oktober 2025 fand am ZEW Mannheim der erste Nachwuchsworkshop zur Finanzbildung statt. Rund 30 Doktorandinnen und Doktoranden aus Projekten der F\u00f6rderlinie zur Finanzbildungsforschung nahmen an dem zweit\u00e4gigen Workshop teil,&hellip;&nbsp;<a href=\"https:\/\/meta-fin.eu\/en\/2025\/10\/27\/erfolgreicher-nachwuchsworkshop-zur-finanzbildung-am-zew-mannheim\/\" rel=\"bookmark\">Read More &raquo;<span class=\"screen-reader-text\">Successful workshop for young researchers on financial education research at ZEW Mannheim<\/span><\/a><\/div><\/li>\n<li><div class=\"wp-block-latest-posts__featured-image aligncenter\"><a href=\"https:\/\/meta-fin.eu\/en\/2025\/09\/19\/auftakt-der-metafin-brown-bag-seminar-serie\/\" aria-label=\"Auftakt der MetaFin Brown-Bag Seminar Serie&lt;br&gt;&lt;br&gt;\"><img loading=\"lazy\" decoding=\"async\" width=\"535\" height=\"303\" src=\"https:\/\/meta-fin.eu\/wp-content\/uploads\/2025\/09\/Screenshot-2025-09-18-140239-500x304-1.png\" class=\"attachment-large size-large wp-post-image\" alt=\"\" style=\"\" srcset=\"https:\/\/meta-fin.eu\/wp-content\/uploads\/2025\/09\/Screenshot-2025-09-18-140239-500x304-1.png 535w, https:\/\/meta-fin.eu\/wp-content\/uploads\/2025\/09\/Screenshot-2025-09-18-140239-500x304-1-300x170.png 300w, https:\/\/meta-fin.eu\/wp-content\/uploads\/2025\/09\/Screenshot-2025-09-18-140239-500x304-1-18x10.png 18w, https:\/\/meta-fin.eu\/wp-content\/uploads\/2025\/09\/Screenshot-2025-09-18-140239-500x304-1-500x283.png 500w\" sizes=\"auto, (max-width: 535px) 100vw, 535px\" \/><\/a><\/div><a class=\"wp-block-latest-posts__post-title\" href=\"https:\/\/meta-fin.eu\/en\/2025\/09\/19\/auftakt-der-metafin-brown-bag-seminar-serie\/\">Auftakt der MetaFin Brown-Bag Seminar Serie<br><br><\/a><time datetime=\"2025-09-19T16:48:15+02:00\" class=\"wp-block-latest-posts__post-date\">19. September 2025<\/time><div class=\"wp-block-latest-posts__post-excerpt\">Auftakt der MetaFin Brownbag Seminar Serie Am Donnerstag, den 18.09.25, startete die MetaFin Brownbag Seminar Serie mit einem Vortrag von Klaus Buddeberg und Johanna Husting von der Universit\u00e4t Hamburg (Projekt Fin-Prak-PIAAC). In ihrem Vortrag gaben sie Einblicke in Numeralit\u00e4t und&hellip;&nbsp;<a href=\"https:\/\/meta-fin.eu\/en\/2025\/09\/19\/auftakt-der-metafin-brown-bag-seminar-serie\/\" rel=\"bookmark\">Read More &raquo;<span class=\"screen-reader-text\">Auftakt der MetaFin Brown-Bag Seminar Serie<br><br><\/span><\/a><\/div><\/li>\n<li><div class=\"wp-block-latest-posts__featured-image aligncenter\"><a href=\"https:\/\/meta-fin.eu\/en\/2025\/08\/11\/brownbag-seminar-serie\/\" aria-label=\"Brownbag Seminar Series\"><img loading=\"lazy\" decoding=\"async\" width=\"608\" height=\"304\" src=\"https:\/\/meta-fin.eu\/wp-content\/uploads\/2025\/08\/vorschau-brownbag-serie.png\" class=\"attachment-large size-large wp-post-image\" alt=\"\" style=\"\" srcset=\"https:\/\/meta-fin.eu\/wp-content\/uploads\/2025\/08\/vorschau-brownbag-serie.png 608w, https:\/\/meta-fin.eu\/wp-content\/uploads\/2025\/08\/vorschau-brownbag-serie-300x150.png 300w, https:\/\/meta-fin.eu\/wp-content\/uploads\/2025\/08\/vorschau-brownbag-serie-18x9.png 18w, https:\/\/meta-fin.eu\/wp-content\/uploads\/2025\/08\/vorschau-brownbag-serie-500x250.png 500w\" sizes=\"auto, (max-width: 608px) 100vw, 608px\" \/><\/a><\/div><a class=\"wp-block-latest-posts__post-title\" href=\"https:\/\/meta-fin.eu\/en\/2025\/08\/11\/brownbag-seminar-serie\/\">Brownbag Seminar Series<\/a><time datetime=\"2025-08-11T11:25:59+02:00\" class=\"wp-block-latest-posts__post-date\">11. August 2025<\/time><div class=\"wp-block-latest-posts__post-excerpt\">Das MetaFin Brownbag Seminar f\u00f6rdert den regelm\u00e4\u00dfig einen Austausch zwischen den Forschenden der gef\u00f6rderten Projekte und erm\u00f6glicht es, Feedback aus der internen Community zu erhalten. Es k\u00f6nnen m\u00f6gliche Kooperationen zwischen Projekten ausgelotet werden. Im Rahmen des Seminars k\u00f6nnen sowohl Projektkonzeptionen&hellip;&nbsp;<a href=\"https:\/\/meta-fin.eu\/en\/2025\/08\/11\/brownbag-seminar-serie\/\" rel=\"bookmark\">Read More &raquo;<span class=\"screen-reader-text\">Brownbag Seminar Series<\/span><\/a><\/div><\/li>\n<li><div class=\"wp-block-latest-posts__featured-image aligncenter\"><a href=\"https:\/\/meta-fin.eu\/en\/2025\/06\/16\/nachbericht-metafin-fachtagung-2025\/\" aria-label=\"Follow-up report on the MetaFin symposium 2025\"><img loading=\"lazy\" decoding=\"async\" width=\"602\" height=\"304\" src=\"https:\/\/meta-fin.eu\/wp-content\/uploads\/2025\/06\/Fachtagung2025-vorchau.jpg\" class=\"attachment-large size-large wp-post-image\" alt=\"\" style=\"\" srcset=\"https:\/\/meta-fin.eu\/wp-content\/uploads\/2025\/06\/Fachtagung2025-vorchau.jpg 602w, https:\/\/meta-fin.eu\/wp-content\/uploads\/2025\/06\/Fachtagung2025-vorchau-300x151.jpg 300w, https:\/\/meta-fin.eu\/wp-content\/uploads\/2025\/06\/Fachtagung2025-vorchau-18x9.jpg 18w, https:\/\/meta-fin.eu\/wp-content\/uploads\/2025\/06\/Fachtagung2025-vorchau-500x252.jpg 500w\" sizes=\"auto, (max-width: 602px) 100vw, 602px\" \/><\/a><\/div><a class=\"wp-block-latest-posts__post-title\" href=\"https:\/\/meta-fin.eu\/en\/2025\/06\/16\/nachbericht-metafin-fachtagung-2025\/\">Follow-up report on the MetaFin symposium 2025<\/a><time datetime=\"2025-06-16T11:13:44+02:00\" class=\"wp-block-latest-posts__post-date\">16. June 2025<\/time><div class=\"wp-block-latest-posts__post-excerpt\">Nachbericht zur MetaFin-Fachtagung vom 2. und 3. Juni 2025 Vom 2. bis 3. Juni 2025 fand an der Universit\u00e4t Mannheim die erste MetaFin Fachtagung statt. MetaFin ist ein Verbundprojekt, das die insgesamt 28 Einzel- und Verbundprojekte der BMBF-F\u00f6rderrichtlinie \u201eForschung zu&hellip;&nbsp;<a href=\"https:\/\/meta-fin.eu\/en\/2025\/06\/16\/nachbericht-metafin-fachtagung-2025\/\" rel=\"bookmark\">Read More &raquo;<span class=\"screen-reader-text\">Follow-up report on the MetaFin symposium 2025<\/span><\/a><\/div><\/li>\n<li><div class=\"wp-block-latest-posts__featured-image aligncenter\"><a href=\"https:\/\/meta-fin.eu\/en\/2024\/08\/30\/bescheiduebergabe\/\" aria-label=\"Handover of Notification for MetaFin\"><img loading=\"lazy\" decoding=\"async\" width=\"1024\" height=\"512\" src=\"https:\/\/meta-fin.eu\/wp-content\/uploads\/2024\/08\/MetaFin-Beitragsbilder-60-x-30-cm-3-1024x512.png\" class=\"attachment-large size-large wp-post-image\" alt=\"\" style=\"\" srcset=\"https:\/\/meta-fin.eu\/wp-content\/uploads\/2024\/08\/MetaFin-Beitragsbilder-60-x-30-cm-3-1024x512.png 1024w, https:\/\/meta-fin.eu\/wp-content\/uploads\/2024\/08\/MetaFin-Beitragsbilder-60-x-30-cm-3-300x150.png 300w, https:\/\/meta-fin.eu\/wp-content\/uploads\/2024\/08\/MetaFin-Beitragsbilder-60-x-30-cm-3-768x384.png 768w, https:\/\/meta-fin.eu\/wp-content\/uploads\/2024\/08\/MetaFin-Beitragsbilder-60-x-30-cm-3-1536x768.png 1536w, https:\/\/meta-fin.eu\/wp-content\/uploads\/2024\/08\/MetaFin-Beitragsbilder-60-x-30-cm-3-2048x1024.png 2048w, https:\/\/meta-fin.eu\/wp-content\/uploads\/2024\/08\/MetaFin-Beitragsbilder-60-x-30-cm-3-18x9.png 18w, https:\/\/meta-fin.eu\/wp-content\/uploads\/2024\/08\/MetaFin-Beitragsbilder-60-x-30-cm-3-500x250.png 500w, https:\/\/meta-fin.eu\/wp-content\/uploads\/2024\/08\/MetaFin-Beitragsbilder-60-x-30-cm-3-800x400.png 800w, https:\/\/meta-fin.eu\/wp-content\/uploads\/2024\/08\/MetaFin-Beitragsbilder-60-x-30-cm-3-1280x640.png 1280w, https:\/\/meta-fin.eu\/wp-content\/uploads\/2024\/08\/MetaFin-Beitragsbilder-60-x-30-cm-3-1920x960.png 1920w\" sizes=\"auto, (max-width: 1024px) 100vw, 1024px\" \/><\/a><\/div><a class=\"wp-block-latest-posts__post-title\" href=\"https:\/\/meta-fin.eu\/en\/2024\/08\/30\/bescheiduebergabe\/\">Handover of Notification for MetaFin<\/a><time datetime=\"2024-08-30T11:56:00+02:00\" class=\"wp-block-latest-posts__post-date\">30. August 2024<\/time><div class=\"wp-block-latest-posts__post-excerpt\">Finanzielle Bildung neu gedacht: Wie das Projekt &#8222;MetaFin&#8220; die Finanzbildungsforschung voranbringen will. Finanzielle Bildung ist entscheidend f\u00fcr die pers\u00f6nliche Sicherheit der Menschen und die gesamtwirtschaftliche Stabilit\u00e4t. Das Bundesministerium f\u00fcr Bildung und Forschung (BMBF) sowie das Bundesministerium der Finanzen (BMF) haben&hellip;&nbsp;<a href=\"https:\/\/meta-fin.eu\/en\/2024\/08\/30\/bescheiduebergabe\/\" rel=\"bookmark\">Read More &raquo;<span class=\"screen-reader-text\">Handover of Notification for MetaFin<\/span><\/a><\/div><\/li>\n<\/ul><\/div>\n<\/div>","protected":false},"excerpt":{"rendered":"<p>News<\/p>","protected":false},"author":1,"featured_media":0,"parent":0,"menu_order":0,"comment_status":"closed","ping_status":"closed","template":"","meta":{"neve_meta_sidebar":"","neve_meta_container":"contained","neve_meta_enable_content_width":"off","neve_meta_content_width":100,"neve_meta_title_alignment":"center","neve_meta_author_avatar":"","neve_post_elements_order":"","neve_meta_disable_header":"off","neve_meta_disable_footer":"","neve_meta_disable_title":"on","_themeisle_gutenberg_block_has_review":false,"_vp_format_video_url":"","_vp_image_focal_point":[],"footnotes":""},"class_list":["post-31","page","type-page","status-publish","hentry"],"_links":{"self":[{"href":"https:\/\/meta-fin.eu\/en\/wp-json\/wp\/v2\/pages\/31","targetHints":{"allow":["GET"]}}],"collection":[{"href":"https:\/\/meta-fin.eu\/en\/wp-json\/wp\/v2\/pages"}],"about":[{"href":"https:\/\/meta-fin.eu\/en\/wp-json\/wp\/v2\/types\/page"}],"author":[{"embeddable":true,"href":"https:\/\/meta-fin.eu\/en\/wp-json\/wp\/v2\/users\/1"}],"replies":[{"embeddable":true,"href":"https:\/\/meta-fin.eu\/en\/wp-json\/wp\/v2\/comments?post=31"}],"version-history":[{"count":10,"href":"https:\/\/meta-fin.eu\/en\/wp-json\/wp\/v2\/pages\/31\/revisions"}],"predecessor-version":[{"id":2943,"href":"https:\/\/meta-fin.eu\/en\/wp-json\/wp\/v2\/pages\/31\/revisions\/2943"}],"wp:attachment":[{"href":"https:\/\/meta-fin.eu\/en\/wp-json\/wp\/v2\/media?parent=31"}],"curies":[{"name":"wp","href":"https:\/\/api.w.org\/{rel}","templated":true}]}}