{"id":46,"date":"2021-02-16T11:44:42","date_gmt":"2021-02-16T11:44:42","guid":{"rendered":"https:\/\/demosites.io\/neve-3\/?page_id=46"},"modified":"2025-11-19T09:12:07","modified_gmt":"2025-11-19T08:12:07","slug":"7b3c2-homepage","status":"publish","type":"page","link":"https:\/\/meta-fin.eu\/en\/","title":{"rendered":"Homepage"},"content":{"rendered":"<div class=\"wp-block-cover alignfull\"><span aria-hidden=\"true\" class=\"wp-block-cover__background has-custom-2-background-color has-background-dim-100 has-background-dim\"><\/span><div class=\"wp-block-cover__inner-container is-layout-constrained wp-block-cover-is-layout-constrained\">\n<div class=\"wp-block-columns alignfull is-layout-flex wp-container-core-columns-is-layout-9d6595d7 wp-block-columns-is-layout-flex\">\n<div class=\"wp-block-column is-vertically-aligned-center is-layout-flow wp-block-column-is-layout-flow\" style=\"padding-top:var(--wp--preset--spacing--40);padding-right:var(--wp--preset--spacing--40);padding-bottom:var(--wp--preset--spacing--40);padding-left:var(--wp--preset--spacing--40);flex-basis:50%\">\n<h2 class=\"wp-block-heading has-text-align-center has-nv-site-bg-color has-custom-4-background-color has-text-color has-background has-link-color wp-elements-c9dca2a7abe4f52f143d5dfe88a2cd61\"><strong>Financial Education in Science and Practice<\/strong><\/h2>\n<\/div>\n\n\n\n<div class=\"wp-block-column is-vertically-aligned-center is-layout-flow wp-block-column-is-layout-flow\" style=\"flex-basis:50%\"><div class=\"wp-block-image\">\n<figure class=\"aligncenter size-full is-resized\"><img loading=\"lazy\" decoding=\"async\" width=\"1454\" height=\"1080\" src=\"https:\/\/meta-fin.eu\/wp-content\/uploads\/2025\/05\/Logo_Meta-fin_160525.png\" alt=\"\" class=\"wp-image-2504\" style=\"width:600px\" srcset=\"https:\/\/meta-fin.eu\/wp-content\/uploads\/2025\/05\/Logo_Meta-fin_160525.png 1454w, https:\/\/meta-fin.eu\/wp-content\/uploads\/2025\/05\/Logo_Meta-fin_160525-300x223.png 300w, https:\/\/meta-fin.eu\/wp-content\/uploads\/2025\/05\/Logo_Meta-fin_160525-1024x761.png 1024w, https:\/\/meta-fin.eu\/wp-content\/uploads\/2025\/05\/Logo_Meta-fin_160525-768x570.png 768w, https:\/\/meta-fin.eu\/wp-content\/uploads\/2025\/05\/Logo_Meta-fin_160525-16x12.png 16w, https:\/\/meta-fin.eu\/wp-content\/uploads\/2025\/05\/Logo_Meta-fin_160525-500x371.png 500w, https:\/\/meta-fin.eu\/wp-content\/uploads\/2025\/05\/Logo_Meta-fin_160525-800x594.png 800w, https:\/\/meta-fin.eu\/wp-content\/uploads\/2025\/05\/Logo_Meta-fin_160525-1280x951.png 1280w\" sizes=\"auto, (max-width: 1454px) 100vw, 1454px\" \/><\/figure>\n<\/div><\/div>\n<\/div>\n<\/div><\/div>\n\n\n\n<div id=\"wp-block-themeisle-blocks-advanced-columns-81f9f30f\" class=\"wp-block-themeisle-blocks-advanced-columns alignfull has-1-columns has-desktop-equal-layout has-tablet-equal-layout has-mobile-collapsedRows-layout has-vertical-unset has-light-bg\"><div class=\"wp-block-themeisle-blocks-advanced-columns-overlay\"><\/div><div class=\"innerblocks-wrap\">\n<div id=\"wp-block-themeisle-blocks-advanced-column-f085e4fa\" class=\"wp-block-themeisle-blocks-advanced-column\">\n<h6 class=\"wp-block-heading alignwide has-text-align-center has-custom-4-color has-text-color\"><strong>Meta-project Financial Education<\/strong><\/h6>\n\n\n\n<h1 class=\"wp-block-heading alignwide has-text-align-center has-text-color\" style=\"color:#070731\"><strong><mark style=\"background-color:rgba(0, 0, 0, 0)\" class=\"has-inline-color has-custom-2-color\">MetaFin<\/mark><\/strong><\/h1>\n\n\n\n<p class=\"has-text-align-center blocked has-custom-2-color has-text-color has-link-color wp-elements-4b53c77087497d21c224582bdaf59417\">The Federal Ministry of Education and Research (BMBF) is funding a number of research projects on financial education as part of the Empirical Educational Research framework programme. The MetaFin joint project is the meta-project of this funding line for financial education research. It promotes the networking of stakeholders from the individual projects, systematically collates research findings and transfers knowledge to specific target groups. In addition, as part of the accompanying research, the meta-project addresses cross-project research questions from an overarching perspective.<\/p>\n\n\n\n<div style=\"height:20px\" aria-hidden=\"true\" class=\"wp-block-spacer\"><\/div>\n\n\n\n<div class=\"wp-block-buttons is-content-justification-center is-layout-flex wp-container-core-buttons-is-layout-16018d1d wp-block-buttons-is-layout-flex\">\n<div class=\"wp-block-button is-style-primary\"><a class=\"wp-block-button__link has-nv-site-bg-color has-custom-1-background-color has-text-color has-background has-link-color wp-element-button\" href=\"https:\/\/meta-fin.eu\/en\/project\/\">More information -&gt;<\/a><\/div>\n<\/div>\n<\/div>\n<\/div><\/div>\n\n\n\n<div id=\"wp-block-themeisle-blocks-slider-cc8295b2\" class=\"wp-block-themeisle-blocks-slider alignfull glide lazy\" data-per-view=\"3\" data-gap=\"0\" data-peek=\"0\" data-autoplay=\"true\" data-height=\"17rem\" data-hide-arrows=\"true\" data-transition=\"linear\"><div class=\"glide__track\" data-glide-el=\"track\"><div class=\"glide__slides\"><div class=\"wp-block-themeisle-blocks-slider-item-wrapper glide__slide\" tabindex=\"0\"><figure><img decoding=\"async\" class=\"wp-block-themeisle-blocks-slider-item\" src=\"https:\/\/meta-fin.eu\/wp-content\/uploads\/2024\/11\/E-36.png\" alt=\"\" title=\"\" data-id=\"927\"\/><\/figure><\/div><div class=\"wp-block-themeisle-blocks-slider-item-wrapper glide__slide\" tabindex=\"0\"><figure><img decoding=\"async\" class=\"wp-block-themeisle-blocks-slider-item\" src=\"https:\/\/meta-fin.eu\/wp-content\/uploads\/2024\/11\/E-31.png\" alt=\"\" title=\"\" data-id=\"705\"\/><\/figure><\/div><div class=\"wp-block-themeisle-blocks-slider-item-wrapper glide__slide\" tabindex=\"0\"><figure><img decoding=\"async\" class=\"wp-block-themeisle-blocks-slider-item\" src=\"https:\/\/meta-fin.eu\/wp-content\/uploads\/2024\/11\/E-30-1.png\" alt=\"\" title=\"\" data-id=\"706\"\/><\/figure><\/div><div class=\"wp-block-themeisle-blocks-slider-item-wrapper glide__slide\" tabindex=\"0\"><figure><img decoding=\"async\" class=\"wp-block-themeisle-blocks-slider-item\" src=\"https:\/\/meta-fin.eu\/wp-content\/uploads\/2024\/11\/E-32.png\" alt=\"\" title=\"\" data-id=\"704\"\/><\/figure><\/div><div class=\"wp-block-themeisle-blocks-slider-item-wrapper glide__slide\" tabindex=\"0\"><figure><img decoding=\"async\" class=\"wp-block-themeisle-blocks-slider-item\" src=\"https:\/\/meta-fin.eu\/wp-content\/uploads\/2025\/11\/gefoerdert_Bundesministerium_fuer_Bildung_Familie_Senioren_Frauen_und_Jugend_Logo.jpg\" alt=\"\" title=\"\" data-id=\"2894\"\/><\/figure><\/div><div class=\"wp-block-themeisle-blocks-slider-item-wrapper glide__slide\" tabindex=\"0\"><figure><img decoding=\"async\" class=\"wp-block-themeisle-blocks-slider-item\" src=\"https:\/\/meta-fin.eu\/wp-content\/uploads\/2024\/11\/E-34.png\" alt=\"\" title=\"\" data-id=\"702\"\/><\/figure><\/div><\/div><\/div><\/div>\n\n\n\n<div class=\"wp-block-cover alignfull\"><span aria-hidden=\"true\" class=\"wp-block-cover__background has-custom-3-background-color has-background-dim-100 has-background-dim\"><\/span><div class=\"wp-block-cover__inner-container is-layout-constrained wp-block-cover-is-layout-constrained\">\n<div style=\"height:2em\" aria-hidden=\"true\" class=\"wp-block-spacer\"><\/div>\n\n\n\n<h1 class=\"wp-block-heading alignwide has-text-align-center has-custom-2-color has-text-color has-link-color wp-elements-47cfe225a04b8cbe9aa11e9a6aaa3bad\">News<\/h1>\n\n\n<ul style=\"padding-right:1%;padding-left:1%;\" class=\"wp-block-latest-posts__list is-grid columns-3 has-dates has-link-color aligncenter blocked wp-elements-5fb95b892bee682321c7645d50155353 wp-block-latest-posts has-text-color has-custom-2-color\"><li><div class=\"wp-block-latest-posts__featured-image aligncenter\"><a href=\"https:\/\/meta-fin.eu\/en\/2026\/04\/01\/forum-fuer-finanzielle-und-oekonomische-bildung-ist-erschienen\/\" aria-label=\"Forum f\u00fcr finanzielle und \u00f6konomische Bildung ist erschienen!\"><img loading=\"lazy\" decoding=\"async\" width=\"1024\" height=\"504\" src=\"https:\/\/meta-fin.eu\/wp-content\/uploads\/2026\/04\/Screenshot-_Werbebanner-1024x504.jpg\" class=\"attachment-large size-large wp-post-image\" alt=\"\" style=\"\" srcset=\"https:\/\/meta-fin.eu\/wp-content\/uploads\/2026\/04\/Screenshot-_Werbebanner-1024x504.jpg 1024w, https:\/\/meta-fin.eu\/wp-content\/uploads\/2026\/04\/Screenshot-_Werbebanner-300x148.jpg 300w, https:\/\/meta-fin.eu\/wp-content\/uploads\/2026\/04\/Screenshot-_Werbebanner-768x378.jpg 768w, https:\/\/meta-fin.eu\/wp-content\/uploads\/2026\/04\/Screenshot-_Werbebanner-1536x756.jpg 1536w, https:\/\/meta-fin.eu\/wp-content\/uploads\/2026\/04\/Screenshot-_Werbebanner-18x9.jpg 18w, https:\/\/meta-fin.eu\/wp-content\/uploads\/2026\/04\/Screenshot-_Werbebanner-500x246.jpg 500w, https:\/\/meta-fin.eu\/wp-content\/uploads\/2026\/04\/Screenshot-_Werbebanner-800x394.jpg 800w, https:\/\/meta-fin.eu\/wp-content\/uploads\/2026\/04\/Screenshot-_Werbebanner-1280x630.jpg 1280w, https:\/\/meta-fin.eu\/wp-content\/uploads\/2026\/04\/Screenshot-_Werbebanner.jpg 1864w\" sizes=\"auto, (max-width: 1024px) 100vw, 1024px\" \/><\/a><\/div><a class=\"wp-block-latest-posts__post-title\" href=\"https:\/\/meta-fin.eu\/en\/2026\/04\/01\/forum-fuer-finanzielle-und-oekonomische-bildung-ist-erschienen\/\">Forum f\u00fcr finanzielle und \u00f6konomische Bildung ist erschienen!<\/a><time datetime=\"2026-04-01T11:47:47+02:00\" class=\"wp-block-latest-posts__post-date\">1. April 2026<\/time><div class=\"wp-block-latest-posts__post-excerpt\">Forum f\u00fcr finanzielle und \u00f6konomische Bildung ist erschienen! Mit der ersten Ausgabe des Forums f\u00fcr finanzielle und \u00f6konomische Bildung startet eine neue Zeitschrift f\u00fcr anwendungsorientierte Forschung und wissenschaftlich fundierten Wissenstransfer im Bereich der finanziellen und \u00f6konomischen Bildung.&nbsp; Das Forum entsteht&hellip;&nbsp;<a href=\"https:\/\/meta-fin.eu\/en\/2026\/04\/01\/forum-fuer-finanzielle-und-oekonomische-bildung-ist-erschienen\/\" rel=\"bookmark\">Read More &raquo;<span class=\"screen-reader-text\">Forum f\u00fcr finanzielle und \u00f6konomische Bildung ist erschienen!<\/span><\/a><\/div><\/li>\n<li><div class=\"wp-block-latest-posts__featured-image aligncenter\"><a href=\"https:\/\/meta-fin.eu\/en\/2026\/03\/31\/2969\/\" aria-label=\"Redaktionstreffen des Forum f\u00fcr finanzielle und \u00f6konomische Bildung\"><img loading=\"lazy\" decoding=\"async\" width=\"1024\" height=\"608\" src=\"https:\/\/meta-fin.eu\/wp-content\/uploads\/2026\/03\/Redaktionstreffen-scaled-e1774957455616-1024x608.jpg\" class=\"attachment-large size-large wp-post-image\" alt=\"\" style=\"\" srcset=\"https:\/\/meta-fin.eu\/wp-content\/uploads\/2026\/03\/Redaktionstreffen-scaled-e1774957455616-1024x608.jpg 1024w, https:\/\/meta-fin.eu\/wp-content\/uploads\/2026\/03\/Redaktionstreffen-scaled-e1774957455616-300x178.jpg 300w, https:\/\/meta-fin.eu\/wp-content\/uploads\/2026\/03\/Redaktionstreffen-scaled-e1774957455616-768x456.jpg 768w, https:\/\/meta-fin.eu\/wp-content\/uploads\/2026\/03\/Redaktionstreffen-scaled-e1774957455616-1536x912.jpg 1536w, https:\/\/meta-fin.eu\/wp-content\/uploads\/2026\/03\/Redaktionstreffen-scaled-e1774957455616-18x12.jpg 18w, https:\/\/meta-fin.eu\/wp-content\/uploads\/2026\/03\/Redaktionstreffen-scaled-e1774957455616-500x297.jpg 500w, https:\/\/meta-fin.eu\/wp-content\/uploads\/2026\/03\/Redaktionstreffen-scaled-e1774957455616-800x475.jpg 800w, https:\/\/meta-fin.eu\/wp-content\/uploads\/2026\/03\/Redaktionstreffen-scaled-e1774957455616-1280x760.jpg 1280w, https:\/\/meta-fin.eu\/wp-content\/uploads\/2026\/03\/Redaktionstreffen-scaled-e1774957455616.jpg 1920w\" sizes=\"auto, (max-width: 1024px) 100vw, 1024px\" \/><\/a><\/div><a class=\"wp-block-latest-posts__post-title\" href=\"https:\/\/meta-fin.eu\/en\/2026\/03\/31\/2969\/\">Redaktionstreffen des Forum f\u00fcr finanzielle und \u00f6konomische Bildung<\/a><time datetime=\"2026-03-31T13:40:24+02:00\" class=\"wp-block-latest-posts__post-date\">31. March 2026<\/time><div class=\"wp-block-latest-posts__post-excerpt\">Redaktionstreffen des Forum f\u00fcr finanzielle und \u00f6konomische Bildung Im Institut f\u00fcr \u00f6konomische Bildung Oldenburg fand am 23.03.2026 das Redaktionstreffen des Forums f\u00fcr finanzielle und \u00f6konomische Bildung statt. Gemeinsam mit Dr. Tessa Debus, Anna Blum und Antonia Wind vom Wochenschau Verlag,&hellip;&nbsp;<a href=\"https:\/\/meta-fin.eu\/en\/2026\/03\/31\/2969\/\" rel=\"bookmark\">Read More &raquo;<span class=\"screen-reader-text\">Redaktionstreffen des Forum f\u00fcr finanzielle und \u00f6konomische Bildung<\/span><\/a><\/div><\/li>\n<li><div class=\"wp-block-latest-posts__featured-image aligncenter\"><a href=\"https:\/\/meta-fin.eu\/en\/2025\/10\/30\/podcast-mit-prof-dr-dirk-loerwald-warum-ist-finanzielle-bildung-so-wichtig\/\" aria-label=\"Podcast with Prof. Dr Dirk Loerwald: \u2018Why is financial education so important?\u2019\"><img loading=\"lazy\" decoding=\"async\" width=\"455\" height=\"271\" src=\"https:\/\/meta-fin.eu\/wp-content\/uploads\/2025\/10\/Loerwald-e1774957502149.jpg\" class=\"attachment-large size-large wp-post-image\" alt=\"\" style=\"\" srcset=\"https:\/\/meta-fin.eu\/wp-content\/uploads\/2025\/10\/Loerwald-e1774957502149.jpg 455w, https:\/\/meta-fin.eu\/wp-content\/uploads\/2025\/10\/Loerwald-e1774957502149-300x179.jpg 300w, https:\/\/meta-fin.eu\/wp-content\/uploads\/2025\/10\/Loerwald-e1774957502149-18x12.jpg 18w\" sizes=\"auto, (max-width: 455px) 100vw, 455px\" \/><\/a><\/div><a class=\"wp-block-latest-posts__post-title\" href=\"https:\/\/meta-fin.eu\/en\/2025\/10\/30\/podcast-mit-prof-dr-dirk-loerwald-warum-ist-finanzielle-bildung-so-wichtig\/\">Podcast with Prof. Dr Dirk Loerwald: \u2018Why is financial education so important?\u2019<\/a><time datetime=\"2025-10-30T08:52:27+01:00\" class=\"wp-block-latest-posts__post-date\">30. October 2025<\/time><div class=\"wp-block-latest-posts__post-excerpt\">Podcast mit Prof. Dr. Dirk Loerwald: \u201eWarum ist finanzielle Bildung so wichtig?\u201c Finanzielle Bildung erm\u00f6glicht es, eigenst\u00e4ndig und reflektiert \u00fcber \u00f6konomische Fragen des Alltags zu entscheiden \u2013 von der Vorsorge \u00fcber den m\u00fcndigen Umgang mit Geld bis zur Einsch\u00e4tzung wirtschaftlicher&hellip;&nbsp;<a href=\"https:\/\/meta-fin.eu\/en\/2025\/10\/30\/podcast-mit-prof-dr-dirk-loerwald-warum-ist-finanzielle-bildung-so-wichtig\/\" rel=\"bookmark\">Read More &raquo;<span class=\"screen-reader-text\">Podcast with Prof. Dr Dirk Loerwald: \u2018Why is financial education so important?\u2019<\/span><\/a><\/div><\/li>\n<\/ul>\n\n\n<div class=\"wp-block-buttons has-light-bg is-content-justification-center is-layout-flex wp-container-core-buttons-is-layout-16018d1d wp-block-buttons-is-layout-flex\">\n<div class=\"wp-block-button is-style-secondary\"><a class=\"wp-block-button__link has-text-align-center wp-element-button\" href=\"\/en\/aktuelles\/\">All news -&gt;<\/a><\/div>\n<\/div>\n\n\n\n<div style=\"height:2em\" aria-hidden=\"true\" class=\"wp-block-spacer\"><\/div>\n<\/div><\/div>\n\n\n\n<div style=\"height:2em\" aria-hidden=\"true\" class=\"wp-block-spacer\"><\/div>\n\n\n\n<h1 class=\"wp-block-heading alignwide has-text-align-center has-custom-2-color has-text-color has-link-color wp-elements-740368e10348a39c9d91486f0315314f\">Focus of the project<\/h1>\n\n\n\n<div id=\"wp-block-themeisle-blocks-advanced-columns-1afa0976\" class=\"wp-block-themeisle-blocks-advanced-columns alignfull has-2-columns has-desktop-oneTwo-layout has-tablet-equal-layout has-mobile-collapsedRows-layout has-vertical-center sm-separator has-light-bg\"><div class=\"wp-block-themeisle-blocks-advanced-columns-overlay\"><\/div><div class=\"innerblocks-wrap\">\n<section id=\"wp-block-themeisle-blocks-advanced-column-4efd4381\" class=\"wp-block-themeisle-blocks-advanced-column\"><div class=\"wp-block-image animated zoomIn is-style-default\">\n<figure class=\"aligncenter size-full is-resized\"><img loading=\"lazy\" decoding=\"async\" width=\"640\" height=\"640\" src=\"https:\/\/meta-fin.eu\/wp-content\/uploads\/2024\/11\/sharing-economy.gif\" alt=\"\" class=\"wp-image-965\" style=\"width:200px\"\/><\/figure>\n<\/div><\/section>\n\n\n\n<div id=\"wp-block-themeisle-blocks-advanced-column-6c2514ca\" class=\"wp-block-themeisle-blocks-advanced-column has-dark-bg\">\n<p id=\"wp-block-themeisle-blocks-advanced-heading-b120844a\" class=\"wp-block-themeisle-blocks-advanced-heading wp-block-themeisle-blocks-advanced-heading-b120844a\"><strong>Networking<\/strong><\/p>\n\n\n\n<h4 id=\"wp-block-themeisle-blocks-advanced-heading-4324af70\" class=\"wp-block-themeisle-blocks-advanced-heading wp-block-themeisle-blocks-advanced-heading-4324af70\"><\/h4>\n\n\n\n<p class=\"blocked has-nv-site-bg-color has-text-color has-link-color wp-elements-1a0ab3997c3e93678590d22441d01e35\">MetaFin connects the participating projects along their key areas, methods, and objectives through various activities such as conferences, workshops, and an online seminar series.<\/p>\n\n\n\n<div class=\"wp-block-buttons is-layout-flex wp-block-buttons-is-layout-flex\">\n<div class=\"wp-block-button is-style-primary\"><a class=\"wp-block-button__link has-custom-4-background-color has-text-color has-background has-link-color has-custom-font-size wp-element-button\" href=\"\/en\/project\/#vernetzung\" style=\"border-radius:0px;color:#ffffff;padding-top:20px;padding-right:40px;padding-bottom:20px;padding-left:40px;font-size:15px\">DETAILS<\/a><\/div>\n<\/div>\n<\/div>\n<\/div><\/div>\n\n\n\n<div style=\"height:2em\" aria-hidden=\"true\" class=\"wp-block-spacer\"><\/div>\n\n\n\n<div id=\"wp-block-themeisle-blocks-advanced-columns-b8288416\" class=\"wp-block-themeisle-blocks-advanced-columns alignfull has-2-columns has-desktop-twoOne-layout has-tablet-equal-layout has-mobile-collapsedRows-layout has-reverse-columns-mobile has-vertical-center sm-separator has-light-bg\"><div class=\"wp-block-themeisle-blocks-advanced-columns-overlay\"><\/div><div class=\"innerblocks-wrap\">\n<div id=\"wp-block-themeisle-blocks-advanced-column-21fe34fa\" class=\"wp-block-themeisle-blocks-advanced-column has-dark-bg\">\n<p id=\"wp-block-themeisle-blocks-advanced-heading-b418e137\" class=\"wp-block-themeisle-blocks-advanced-heading wp-block-themeisle-blocks-advanced-heading-b418e137\"><strong>Accompanying Research<\/strong><\/p>\n\n\n\n<h4 id=\"wp-block-themeisle-blocks-advanced-heading-ef40ffd3\" class=\"wp-block-themeisle-blocks-advanced-heading wp-block-themeisle-blocks-advanced-heading-ef40ffd3\"><\/h4>\n\n\n\n<p class=\"blocked has-nv-site-bg-color has-text-color has-link-color wp-elements-899a4d0129e2c2c537812395f91c1682\">MetaFin conducts research on overarching fundamental questions of financial education in Germany and provides a comprehensive online resource through the Clearinghouse for Financial Education Research (CHF).<\/p>\n\n\n\n<div class=\"wp-block-buttons is-layout-flex wp-block-buttons-is-layout-flex\">\n<div class=\"wp-block-button is-style-primary\"><a class=\"wp-block-button__link has-custom-2-background-color has-text-color has-background has-link-color has-custom-font-size wp-element-button\" href=\"\/en\/project\/#begleitforschung\" style=\"border-radius:0px;color:#ffffff;padding-top:20px;padding-right:40px;padding-bottom:20px;padding-left:40px;font-size:15px\">DETAILS<\/a><\/div>\n<\/div>\n<\/div>\n\n\n\n<section id=\"wp-block-themeisle-blocks-advanced-column-47276334\" class=\"wp-block-themeisle-blocks-advanced-column\"><div class=\"wp-block-image animated zoomIn is-style-default\">\n<figure class=\"aligncenter size-full is-resized\"><img loading=\"lazy\" decoding=\"async\" width=\"640\" height=\"640\" src=\"https:\/\/meta-fin.eu\/wp-content\/uploads\/2024\/11\/werbetexten.gif\" alt=\"\" class=\"wp-image-970\" style=\"width:200px\"\/><\/figure>\n<\/div><\/section>\n<\/div><\/div>\n\n\n\n<div style=\"height:2em\" aria-hidden=\"true\" class=\"wp-block-spacer\"><\/div>\n\n\n\n<div id=\"wp-block-themeisle-blocks-advanced-columns-46da099a\" class=\"wp-block-themeisle-blocks-advanced-columns alignfull has-2-columns has-desktop-oneTwo-layout has-tablet-equal-layout has-mobile-collapsedRows-layout has-vertical-center sm-separator has-light-bg\"><div class=\"wp-block-themeisle-blocks-advanced-columns-overlay\"><\/div><div class=\"innerblocks-wrap\">\n<section id=\"wp-block-themeisle-blocks-advanced-column-b0ed047f\" class=\"wp-block-themeisle-blocks-advanced-column\"><div class=\"wp-block-image animated zoomIn is-style-default\">\n<figure class=\"aligncenter size-full is-resized has-custom-border\"><img loading=\"lazy\" decoding=\"async\" width=\"640\" height=\"640\" src=\"https:\/\/meta-fin.eu\/wp-content\/uploads\/2024\/11\/geistigen-eigentums.gif\" alt=\"\" class=\"wp-image-1052\" style=\"border-style:none;border-width:0px;width:200px\"\/><\/figure>\n<\/div><\/section>\n\n\n\n<div id=\"wp-block-themeisle-blocks-advanced-column-78c4cf37\" class=\"wp-block-themeisle-blocks-advanced-column has-light-bg\">\n<p id=\"wp-block-themeisle-blocks-advanced-heading-3729fdb6\" class=\"wp-block-themeisle-blocks-advanced-heading wp-block-themeisle-blocks-advanced-heading-3729fdb6\"><strong>Knowledge transfer<\/strong><\/p>\n\n\n\n<h4 id=\"wp-block-themeisle-blocks-advanced-heading-0d0caa67\" class=\"wp-block-themeisle-blocks-advanced-heading wp-block-themeisle-blocks-advanced-heading-0d0caa67\"><\/h4>\n\n\n\n<p class=\"blocked has-nv-text-dark-bg-color has-text-color has-link-color wp-elements-8ddc6587716a621f45acfabb94f22330\">MetaFin organizes the knowledge transfer on financial education research, among other things, through its own academic journal, online communication, podcasts, and stakeholder dialogues.<\/p>\n\n\n\n<div class=\"wp-block-buttons is-layout-flex wp-block-buttons-is-layout-flex\">\n<div class=\"wp-block-button is-style-primary\"><a class=\"wp-block-button__link has-custom-1-background-color has-text-color has-background has-link-color has-custom-font-size wp-element-button\" href=\"\/en\/project\/#wissenstransfer\" style=\"border-radius:0px;color:#ffffff;padding-top:20px;padding-right:40px;padding-bottom:20px;padding-left:40px;font-size:15px\">DETAILS<\/a><\/div>\n<\/div>\n<\/div>\n<\/div><\/div>\n\n\n\n<div style=\"height:2em\" aria-hidden=\"true\" class=\"wp-block-spacer\"><\/div>\n\n\n\n<section id=\"wp-block-themeisle-blocks-advanced-columns-cb87630d\" class=\"wp-block-themeisle-blocks-advanced-columns alignfull has-1-columns has-desktop-equal-layout has-tablet-equal-layout has-mobile-equal-layout has-vertical-center has-dark-bg\"><div class=\"wp-block-themeisle-blocks-advanced-columns-overlay\"><\/div><div class=\"innerblocks-wrap\">\n<div id=\"wp-block-themeisle-blocks-advanced-column-a521c34e\" class=\"wp-block-themeisle-blocks-advanced-column\">\n<h1 class=\"wp-block-heading has-text-align-center has-text-color\" style=\"color:#ffffff\">Exciting research projects on financial education ...<\/h1>\n\n\n\n<div class=\"wp-block-buttons is-content-justification-center is-layout-flex wp-container-core-buttons-is-layout-16018d1d wp-block-buttons-is-layout-flex\">\n<div class=\"wp-block-button is-style-primary\"><a class=\"wp-block-button__link has-nv-site-bg-color has-custom-4-background-color has-text-color has-background has-link-color wp-element-button\" href=\"https:\/\/meta-fin.eu\/en\/projects\/\">More information -&gt;<\/a><\/div>\n<\/div>\n<\/div>\n<\/div><\/section>\n\n\n\n<div style=\"height:2em\" aria-hidden=\"true\" class=\"wp-block-spacer\"><\/div>","protected":false},"excerpt":{"rendered":"<p>Focus of the project<\/p>","protected":false},"author":1,"featured_media":0,"parent":0,"menu_order":0,"comment_status":"closed","ping_status":"closed","template":"","meta":{"neve_meta_sidebar":"full-width","neve_meta_container":"default","neve_meta_enable_content_width":"off","neve_meta_content_width":97,"neve_meta_title_alignment":"center","neve_meta_author_avatar":"","neve_post_elements_order":"","neve_meta_disable_header":"off","neve_meta_disable_footer":"","neve_meta_disable_title":"on","_themeisle_gutenberg_block_has_review":false,"_vp_format_video_url":"","_vp_image_focal_point":[],"footnotes":""},"class_list":["post-46","page","type-page","status-publish","hentry"],"_links":{"self":[{"href":"https:\/\/meta-fin.eu\/en\/wp-json\/wp\/v2\/pages\/46","targetHints":{"allow":["GET"]}}],"collection":[{"href":"https:\/\/meta-fin.eu\/en\/wp-json\/wp\/v2\/pages"}],"about":[{"href":"https:\/\/meta-fin.eu\/en\/wp-json\/wp\/v2\/types\/page"}],"author":[{"embeddable":true,"href":"https:\/\/meta-fin.eu\/en\/wp-json\/wp\/v2\/users\/1"}],"replies":[{"embeddable":true,"href":"https:\/\/meta-fin.eu\/en\/wp-json\/wp\/v2\/comments?post=46"}],"version-history":[{"count":10,"href":"https:\/\/meta-fin.eu\/en\/wp-json\/wp\/v2\/pages\/46\/revisions"}],"predecessor-version":[{"id":2897,"href":"https:\/\/meta-fin.eu\/en\/wp-json\/wp\/v2\/pages\/46\/revisions\/2897"}],"wp:attachment":[{"href":"https:\/\/meta-fin.eu\/en\/wp-json\/wp\/v2\/media?parent=46"}],"curies":[{"name":"wp","href":"https:\/\/api.w.org\/{rel}","templated":true}]}}