{"id":69,"date":"2021-02-18T10:59:27","date_gmt":"2021-02-18T10:59:27","guid":{"rendered":"https:\/\/demosites.io\/neve-3\/shop\/"},"modified":"2025-01-17T15:19:54","modified_gmt":"2025-01-17T14:19:54","slug":"metavorhaben","status":"publish","type":"page","link":"https:\/\/meta-fin.eu\/en\/metavorhaben\/","title":{"rendered":"Meta project"},"content":{"rendered":"<p class=\"blocked has-custom-4-color has-text-color has-link-color wp-elements-ecad822c6aa70bb4129d9ee46c4a5e01\" style=\"border-style:none;border-width:0px\"><strong>Meta project <\/strong><\/p>\n\n\n\n<p class=\"blocked has-custom-2-color has-text-color has-link-color wp-elements-9c9e444aff1a51f7e03657440a8f0264\" style=\"border-style:none;border-width:0px\">Financial education is not just a specialised education for financial market players - it is relevant for everyone in order to cope with financial life situations and to understand and help shape framework conditions. This is particularly true with regard to current economic, technological and social transformation processes and their impact on the financial decisions of people of all age groups. Financial education plays a central role in enabling people in Germany to manage their lives competently, to participate in the economy and society in a reflected manner and to ensure their financial well-being.<\/p>\n\n\n\n<p class=\"blocked has-custom-2-color has-text-color has-link-color wp-elements-984f72a1e6c75e97ca36ec441cb7e518\">The growing importance of financial education and the need for its systematic promotion in Germany is reflected in the initiative \"Financial Education,\" jointly launched by the Federal Ministry of Education and Research (BMBF) and the Federal Ministry of Finance (BMF). This initiative includes the development of a national financial education strategy, the creation of a central financial education platform, and, in particular, the strengthening of research on financial education.<\/p>\n\n\n\n<p class=\"blocked has-custom-2-color has-text-color has-link-color wp-elements-be1bb511534b038c880c9f9039de1307\">The \"MetaFin\" project aims to network the projects funded under this initiative, prepare national and international research results on financial education, and create a solid decision-making foundation for financial education in Germany. It focuses on three central areas of action:&nbsp;<strong>Networking<\/strong>,&nbsp;<strong>Accompanying Research<\/strong>&nbsp;and&nbsp;<strong>Knowledge transfer<\/strong>. The project is being carried out by the Oldenburg Institute for Economic Education (I\u00d6B) in cooperation with the Mannheim Institute for Financial Education (MIFE), the Leibniz Centre for European Economic Research (ZEW), and the University of Mannheim.<\/p>\n\n\n\n<p class=\"blocked has-custom-2-color has-text-color has-link-color wp-elements-b1515a8a3ee944b59d58559a957ddaa7\">On the following pages, you can learn more about <a href=\"https:\/\/meta-fin.eu\/en\/project\/\" data-type=\"page\" data-id=\"425\">the areas of action<\/a> and about the <a href=\"https:\/\/meta-fin.eu\/en\/meta-plan\/team\/\" data-type=\"page\" data-id=\"393\">Team <\/a> of MetaFin.<\/p>\n\n\n\n<p><\/p>","protected":false},"excerpt":{"rendered":"<p>Das Metavorhaben Finanzielle Bildung ist nicht nur eine Spezialbildung f\u00fcr Finanzmarktakteure &#8211; sie ist f\u00fcr jede und jeden relevant, um finanzielle Lebenssituationen zu bew\u00e4ltigen und Rahmenbedingungen zu verstehen und mitzugestalten. Dies gilt insbesondere mit Blick auf aktuelle \u00f6konomische, technologische und gesellschaftliche Transformationsprozesse sowie deren Auswirkungen auf die finanziellen Entscheidungen von Menschen aller Altersgruppen. Zur kompetenten&hellip;&nbsp;<a href=\"https:\/\/meta-fin.eu\/en\/metavorhaben\/\" rel=\"bookmark\">Read More &raquo;<span class=\"screen-reader-text\">Meta project<\/span><\/a><\/p>","protected":false},"author":1,"featured_media":1320,"parent":0,"menu_order":0,"comment_status":"closed","ping_status":"closed","template":"","meta":{"neve_meta_sidebar":"","neve_meta_container":"contained","neve_meta_enable_content_width":"","neve_meta_content_width":0,"neve_meta_title_alignment":"center","neve_meta_author_avatar":"","neve_post_elements_order":"","neve_meta_disable_header":"","neve_meta_disable_footer":"","neve_meta_disable_title":"off","_themeisle_gutenberg_block_has_review":false,"_vp_format_video_url":"","_vp_image_focal_point":{"x":0.5,"y":0.5},"footnotes":""},"class_list":["post-69","page","type-page","status-publish","has-post-thumbnail","hentry"],"_links":{"self":[{"href":"https:\/\/meta-fin.eu\/en\/wp-json\/wp\/v2\/pages\/69","targetHints":{"allow":["GET"]}}],"collection":[{"href":"https:\/\/meta-fin.eu\/en\/wp-json\/wp\/v2\/pages"}],"about":[{"href":"https:\/\/meta-fin.eu\/en\/wp-json\/wp\/v2\/types\/page"}],"author":[{"embeddable":true,"href":"https:\/\/meta-fin.eu\/en\/wp-json\/wp\/v2\/users\/1"}],"replies":[{"embeddable":true,"href":"https:\/\/meta-fin.eu\/en\/wp-json\/wp\/v2\/comments?post=69"}],"version-history":[{"count":7,"href":"https:\/\/meta-fin.eu\/en\/wp-json\/wp\/v2\/pages\/69\/revisions"}],"predecessor-version":[{"id":1967,"href":"https:\/\/meta-fin.eu\/en\/wp-json\/wp\/v2\/pages\/69\/revisions\/1967"}],"wp:featuredmedia":[{"embeddable":true,"href":"https:\/\/meta-fin.eu\/en\/wp-json\/wp\/v2\/media\/1320"}],"wp:attachment":[{"href":"https:\/\/meta-fin.eu\/en\/wp-json\/wp\/v2\/media?parent=69"}],"curies":[{"name":"wp","href":"https:\/\/api.w.org\/{rel}","templated":true}]}}