{"id":892,"date":"2024-11-20T12:44:08","date_gmt":"2024-11-20T11:44:08","guid":{"rendered":"https:\/\/meta-fin.eu\/?page_id=892"},"modified":"2025-02-06T12:34:00","modified_gmt":"2025-02-06T11:34:00","slug":"impressum","status":"publish","type":"page","link":"https:\/\/meta-fin.eu\/en\/impressum\/","title":{"rendered":"Company Information"},"content":{"rendered":"<div class=\"wp-block-columns alignwide my-info-box is-layout-flex wp-container-core-columns-is-layout-9d6595d7 wp-block-columns-is-layout-flex\">\n<div class=\"wp-block-column is-vertically-aligned-top is-layout-flow wp-block-column-is-layout-flow\" style=\"flex-basis:20%\"><div class=\"wp-block-image img-border\">\n<figure class=\"aligncenter size-full is-resized\"><img decoding=\"async\" src=\"https:\/\/perspektiven-im-nordwesten.de\/wp-content\/uploads\/2022\/12\/C1EE4495-A2AB-47C5-97CD-9095EF144380.gif\" alt=\"\" class=\"wp-image-813\" style=\"object-fit:cover;width:150px;height:150px\"\/><\/figure>\n<\/div><\/div>\n\n\n\n<div class=\"wp-block-column is-layout-flow wp-block-column-is-layout-flow\" style=\"flex-basis:80%\">\n<p class=\"has-text-align-left\">The meta project MetaFin is a joint venture of the Mannheim Institute for Financial Education (MIFE), Mannheim University, the Leibniz Centre for European Economic Research (ZEW) and the Institute for Economic Education Oldenburg (I\u00d6B). The website is designed by:<\/p>\n\n\n\n<p><strong>Institut f\u00fcr \u00d6konomische Bildung gemeinn\u00fctzige GmbH<\/strong><br>Bismarckstra\u00dfe 31<br>26122 Oldenburg<\/p>\n\n\n\n<p><strong>Vertretungsberechtigte Personen und inhaltlich verantwortlich<\/strong><br><a rel=\"noreferrer noopener\" href=\"https:\/\/www.ioeb.de\/de\/mitarbeiter-in\/dirk-loerwald.html\" target=\"_blank\">Prof. Dr. Dirk Loerwald<\/a><br><a rel=\"noreferrer noopener\" href=\"https:\/\/www.ioeb.de\/de\/mitarbeiter-in\/michael-koch.html\" target=\"_blank\">Dr. Michael Koch<\/a><\/p>\n\n\n\n<p><strong>Kontaktdaten<\/strong><br>Tel.: +49-441-361303-0<br>Fax: +49-441-361303-99<br>E-Mail: <a href=\"mailto:info@ioeb.de\">info@ioeb.de<\/a><br>Internet: <a rel=\"noreferrer noopener\" href=\"http:\/\/www.ioeb.de\/\" target=\"_blank\">http:\/\/www.ioeb.de<\/a><\/p>\n\n\n\n<p><strong>Registergericht<\/strong><br>Amtsgericht Oldenburg<br>Registernummer: HR B 5137<br><br><strong>Ust.-Ident.:<\/strong><br>DE 814197152<\/p>\n\n\n\n<p><strong>Weitere Hinweise:<\/strong><br><a href=\"https:\/\/www.flaticon.com\/de\/animierte-icons\" target=\"_blank\" rel=\"noreferrer noopener\">Animierte Icons erstellt von Freepik &#8211; Flaticon<\/a><\/p>\n<\/div>\n<\/div>","protected":false},"excerpt":{"rendered":"<p>Das Verbundprojekt MetaFin ist ein gemeinsames Vorhaben des Mannheim Institute for Financial Education (MIFE), der Universit\u00e4t Mannheim, des Zentrums f\u00fcr Europ\u00e4ische Wirtschaftsforschung (ZEW) und des Instituts f\u00fcr \u00d6konomische Bildung Oldenburg (I\u00d6B). Die Gestaltung des Internetauftritts liegt bei: Institut f\u00fcr \u00d6konomische Bildung gemeinn\u00fctzige GmbHBismarckstra\u00dfe 3126122 Oldenburg Vertretungsberechtigte Personen und inhaltlich verantwortlichProf. Dr. Dirk LoerwaldDr. Michael Koch&hellip;&nbsp;<a href=\"https:\/\/meta-fin.eu\/en\/impressum\/\" rel=\"bookmark\">Read More &raquo;<span class=\"screen-reader-text\">Company Information<\/span><\/a><\/p>","protected":false},"author":1,"featured_media":330,"parent":0,"menu_order":0,"comment_status":"closed","ping_status":"closed","template":"","meta":{"neve_meta_sidebar":"","neve_meta_container":"contained","neve_meta_enable_content_width":"","neve_meta_content_width":0,"neve_meta_title_alignment":"center","neve_meta_author_avatar":"","neve_post_elements_order":"","neve_meta_disable_header":"","neve_meta_disable_footer":"","neve_meta_disable_title":"","_themeisle_gutenberg_block_has_review":false,"_vp_format_video_url":"","_vp_image_focal_point":[],"footnotes":""},"class_list":["post-892","page","type-page","status-publish","has-post-thumbnail","hentry"],"_links":{"self":[{"href":"https:\/\/meta-fin.eu\/en\/wp-json\/wp\/v2\/pages\/892","targetHints":{"allow":["GET"]}}],"collection":[{"href":"https:\/\/meta-fin.eu\/en\/wp-json\/wp\/v2\/pages"}],"about":[{"href":"https:\/\/meta-fin.eu\/en\/wp-json\/wp\/v2\/types\/page"}],"author":[{"embeddable":true,"href":"https:\/\/meta-fin.eu\/en\/wp-json\/wp\/v2\/users\/1"}],"replies":[{"embeddable":true,"href":"https:\/\/meta-fin.eu\/en\/wp-json\/wp\/v2\/comments?post=892"}],"version-history":[{"count":2,"href":"https:\/\/meta-fin.eu\/en\/wp-json\/wp\/v2\/pages\/892\/revisions"}],"predecessor-version":[{"id":2113,"href":"https:\/\/meta-fin.eu\/en\/wp-json\/wp\/v2\/pages\/892\/revisions\/2113"}],"wp:featuredmedia":[{"embeddable":true,"href":"https:\/\/meta-fin.eu\/en\/wp-json\/wp\/v2\/media\/330"}],"wp:attachment":[{"href":"https:\/\/meta-fin.eu\/en\/wp-json\/wp\/v2\/media?parent=892"}],"curies":[{"name":"wp","href":"https:\/\/api.w.org\/{rel}","templated":true}]}}